{"id":52,"date":"2015-07-20T22:40:50","date_gmt":"2015-07-20T20:40:50","guid":{"rendered":"http:\/\/www.narrenzunft-fischbach.de\/?page_id=52"},"modified":"2025-01-24T10:28:07","modified_gmt":"2025-01-24T09:28:07","slug":"schlapphuttaeler","status":"publish","type":"page","link":"https:\/\/www.narrenzunft-fischbach.de\/?page_id=52","title":{"rendered":"Schlapphutt\u00e4ler"},"content":{"rendered":"\n<p>Unsere 1. Figur der \u201eSchlapphut-T\u00e4ler&#8220; wurde 1975 ins Leben gerufen<\/p>\n\n\n\n<p>Bei der Suche nach einer geeigneten Fastnachts-Figur griff man auf den seit 1889 bestehenden Sinkinger Taubenmarkt zur\u00fcck.<\/p>\n\n\n\n<p><u>M\u00fcndliche \u00dcberlieferungen besagen:<\/u><\/p>\n\n\n\n<p>Es soll vorgekommen sein, dass H\u00e4ndler, um bessere Preise f\u00fcr ihre Tauben zu erzielen, mit Farbe nachgeholfen haben. Das hei\u00dft: falsche Federn wurden dem \u00fcbrigen Gefieder angepasst und so wurde manches Taubenpaar zweimal verkauft, weil sie immer wieder in den heimischen Taubenschlag zur\u00fcckgeflogen sind.<\/p>\n\n\n\n<p>Wenn man nun den Schlapphut-T\u00e4ler n\u00e4her betrachtet, so kommt, was die Maske betrifft, unter dem breitrandigen Schlapphut ein verschmitzt in sich hinein grinsendes B\u00e4uerlein zum Vorschein. Das linke Auge zugekniffen, jedoch das rechte weit ge\u00f6ffnet, um sich ja nichts entgehen zu lassen. Der Mundwinkel ist leicht nach unten gezogen, so dass ein Grinsen auf dem Stockzahn erweckt wird. Wie es zur damaligen Zeit \u00fcblich war, ging man mit dem Rucksack zum Taubenmarkt. Um die mitgebrachte und eingekaufte Ware vor Schnee und Regen zu sch\u00fctzen, tr\u00e4gt der Schlapphutt\u00e4ler den weiten Umhang, der nicht nur sich selbst, sondern auch den Rucksack mit Inhalt sch\u00fctzte. Die weite, unter den Knien zusammengebundene Hose stammt aus der Fischbacher Tracht. Um das ganze Aussehen etwas lebendiger erscheinen zu lassen, tr\u00e4gt der Schlapphutt\u00e4ler das rote Halstuch und eine bunte Scherpe um den Bauch, sowie farbige Ringelstr\u00fcmpfe, in denen auch die Farben unseres Ortswappens enthalten sind. Dass der Schlapphutt\u00e4ler nicht geizig ist, beweist der Korb, den er nicht nur im Heimatort, sondern zu allen Umz\u00fcgen mit sich tr\u00e4gt, in welchem er Bonbons f\u00fcr jung und alt und so manches Schn\u00e4psle f\u00fcr frierende Zuschauer parat h\u00e4lt.<\/p>\n\n\n\n<figure class=\"wp-block-image size-large is-resized\"><a href=\"https:\/\/www.narrenzunft-fischbach.de\/wp-content\/uploads\/2025\/01\/WhatsApp-Image-2025-01-21-at-13.04.20-5.jpeg\"><img loading=\"lazy\" src=\"https:\/\/www.narrenzunft-fischbach.de\/wp-content\/uploads\/2025\/01\/WhatsApp-Image-2025-01-21-at-13.04.20-5-1024x768.jpeg\" alt=\"\" class=\"wp-image-588\" width=\"768\" height=\"576\" srcset=\"https:\/\/www.narrenzunft-fischbach.de\/wp-content\/uploads\/2025\/01\/WhatsApp-Image-2025-01-21-at-13.04.20-5-1024x768.jpeg 1024w, https:\/\/www.narrenzunft-fischbach.de\/wp-content\/uploads\/2025\/01\/WhatsApp-Image-2025-01-21-at-13.04.20-5-300x225.jpeg 300w, https:\/\/www.narrenzunft-fischbach.de\/wp-content\/uploads\/2025\/01\/WhatsApp-Image-2025-01-21-at-13.04.20-5-768x576.jpeg 768w, https:\/\/www.narrenzunft-fischbach.de\/wp-content\/uploads\/2025\/01\/WhatsApp-Image-2025-01-21-at-13.04.20-5-1536x1152.jpeg 1536w, https:\/\/www.narrenzunft-fischbach.de\/wp-content\/uploads\/2025\/01\/WhatsApp-Image-2025-01-21-at-13.04.20-5.jpeg 2016w\" sizes=\"(max-width: 768px) 100vw, 768px\" \/><\/a><\/figure>\n","protected":false},"excerpt":{"rendered":"<p>Unsere 1. Figur der \u201eSchlapphut-T\u00e4ler&#8220; wurde 1975 ins Leben gerufen Bei der Suche nach einer geeigneten Fastnachts-Figur griff man auf den seit 1889 bestehenden Sinkinger Taubenmarkt zur\u00fcck. M\u00fcndliche \u00dcberlieferungen besagen: Es soll vorgekommen sein, dass H\u00e4ndler, um bessere Preise f\u00fcr ihre Tauben zu erzielen, mit Farbe nachgeholfen haben. Das hei\u00dft: falsche Federn wurden dem \u00fcbrigen &hellip; <a href=\"https:\/\/www.narrenzunft-fischbach.de\/?page_id=52\" class=\"more-link\"><span class=\"screen-reader-text\">Schlapphutt\u00e4ler<\/span> weiterlesen <span class=\"meta-nav\">&rarr;<\/span><\/a><\/p>\n","protected":false},"author":1,"featured_media":0,"parent":50,"menu_order":1,"comment_status":"closed","ping_status":"closed","template":"","meta":[],"_links":{"self":[{"href":"https:\/\/www.narrenzunft-fischbach.de\/index.php?rest_route=\/wp\/v2\/pages\/52"}],"collection":[{"href":"https:\/\/www.narrenzunft-fischbach.de\/index.php?rest_route=\/wp\/v2\/pages"}],"about":[{"href":"https:\/\/www.narrenzunft-fischbach.de\/index.php?rest_route=\/wp\/v2\/types\/page"}],"author":[{"embeddable":true,"href":"https:\/\/www.narrenzunft-fischbach.de\/index.php?rest_route=\/wp\/v2\/users\/1"}],"replies":[{"embeddable":true,"href":"https:\/\/www.narrenzunft-fischbach.de\/index.php?rest_route=%2Fwp%2Fv2%2Fcomments&post=52"}],"version-history":[{"count":5,"href":"https:\/\/www.narrenzunft-fischbach.de\/index.php?rest_route=\/wp\/v2\/pages\/52\/revisions"}],"predecessor-version":[{"id":590,"href":"https:\/\/www.narrenzunft-fischbach.de\/index.php?rest_route=\/wp\/v2\/pages\/52\/revisions\/590"}],"up":[{"embeddable":true,"href":"https:\/\/www.narrenzunft-fischbach.de\/index.php?rest_route=\/wp\/v2\/pages\/50"}],"wp:attachment":[{"href":"https:\/\/www.narrenzunft-fischbach.de\/index.php?rest_route=%2Fwp%2Fv2%2Fmedia&parent=52"}],"curies":[{"name":"wp","href":"https:\/\/api.w.org\/{rel}","templated":true}]}}